{"id":10,"date":"2021-07-20T10:32:58","date_gmt":"2021-07-20T10:32:58","guid":{"rendered":"https:\/\/lucasamarildo.com.br\/index.php\/about\/"},"modified":"2024-01-21T02:52:16","modified_gmt":"2024-01-21T05:52:16","slug":"sobre-mim","status":"publish","type":"page","link":"https:\/\/lucasamarildo.com.br\/index.php\/sobre-mim\/","title":{"rendered":"Sobre mim"},"content":{"rendered":"\t\t<div data-elementor-type=\"wp-page\" data-elementor-id=\"10\" class=\"elementor elementor-10\">\n\t\t\t\t\t\t\t<div class=\"elementor-element elementor-element-a24ae72 e-flex e-con-boxed e-con e-parent\" data-id=\"a24ae72\" data-element_type=\"container\" data-settings=\"{&quot;content_width&quot;:&quot;boxed&quot;}\" data-core-v316-plus=\"true\">\n\t\t\t\t\t<div class=\"e-con-inner\">\n\t\t\t\t\t<\/div>\n\t\t\t\t<\/div>\n\t\t<div class=\"elementor-element elementor-element-a7c4f92 e-flex e-con-boxed e-con e-parent\" data-id=\"a7c4f92\" data-element_type=\"container\" data-settings=\"{&quot;content_width&quot;:&quot;boxed&quot;}\" data-core-v316-plus=\"true\">\n\t\t\t\t\t<div class=\"e-con-inner\">\n\t\t\t\t<div class=\"elementor-element elementor-element-5344e0e elementor-widget elementor-widget-heading\" data-id=\"5344e0e\" data-element_type=\"widget\" data-widget_type=\"heading.default\">\n\t\t\t\t<div class=\"elementor-widget-container\">\n\t\t\t<style>\/*! elementor - v3.18.0 - 20-12-2023 *\/\n.elementor-heading-title{padding:0;margin:0;line-height:1}.elementor-widget-heading .elementor-heading-title[class*=elementor-size-]>a{color:inherit;font-size:inherit;line-height:inherit}.elementor-widget-heading .elementor-heading-title.elementor-size-small{font-size:15px}.elementor-widget-heading .elementor-heading-title.elementor-size-medium{font-size:19px}.elementor-widget-heading .elementor-heading-title.elementor-size-large{font-size:29px}.elementor-widget-heading .elementor-heading-title.elementor-size-xl{font-size:39px}.elementor-widget-heading .elementor-heading-title.elementor-size-xxl{font-size:59px}<\/style><h2 class=\"elementor-heading-title elementor-size-default\">Um viajante que ama compartilhar experi\u00eancias \u2708\ufe0f<\/h2>\t\t<\/div>\n\t\t\t\t<\/div>\n\t\t\t\t\t<\/div>\n\t\t\t\t<\/div>\n\t\t<div class=\"elementor-element elementor-element-7bbc2496 e-flex e-con-boxed e-con e-parent\" data-id=\"7bbc2496\" data-element_type=\"container\" data-settings=\"{&quot;content_width&quot;:&quot;boxed&quot;}\" data-core-v316-plus=\"true\">\n\t\t\t\t\t<div class=\"e-con-inner\">\n\t\t\t\t<div class=\"elementor-element elementor-element-14bea9e4 elementor-widget__width-initial elementor-widget elementor-widget-text-editor\" data-id=\"14bea9e4\" data-element_type=\"widget\" data-widget_type=\"text-editor.default\">\n\t\t\t\t<div class=\"elementor-widget-container\">\n\t\t\t<style>\/*! elementor - v3.18.0 - 20-12-2023 *\/\n.elementor-widget-text-editor.elementor-drop-cap-view-stacked .elementor-drop-cap{background-color:#69727d;color:#fff}.elementor-widget-text-editor.elementor-drop-cap-view-framed .elementor-drop-cap{color:#69727d;border:3px solid;background-color:transparent}.elementor-widget-text-editor:not(.elementor-drop-cap-view-default) .elementor-drop-cap{margin-top:8px}.elementor-widget-text-editor:not(.elementor-drop-cap-view-default) .elementor-drop-cap-letter{width:1em;height:1em}.elementor-widget-text-editor .elementor-drop-cap{float:left;text-align:center;line-height:1;font-size:50px}.elementor-widget-text-editor .elementor-drop-cap-letter{display:inline-block}<\/style>\t\t\t\t<p>Oii, eu sou o Lucas Amarildo! Jornalista, empres\u00e1rio, videomaker e produtor de conte\u00fado. Aqui neste espa\u00e7o voc\u00ea vai descobrir de um jeito simples e pr\u00e1tico como acumular pontos, milhas e transformar suas experi\u00eancias de viagem.<\/p><p>Viajar \u00e9 uma paix\u00e3o. Amo a atmosfera de um aeroporto, decolagem e tudo que envolve avi\u00f5es. Mas por muito tempo planejei minhas viagens como a imensa maioria das pessoas: escolhendo um destino, juntando dinheiro para comprar passagem, reservar hotel e repetindo este ciclo sempre que poss\u00edvel (poucas vezes, no caso ahaha).<\/p>\t\t\t\t\t\t<\/div>\n\t\t\t\t<\/div>\n\t\t\t\t\t<\/div>\n\t\t\t\t<\/div>\n\t\t<div class=\"elementor-element elementor-element-a8aa7a6 e-flex e-con-boxed e-con e-parent\" data-id=\"a8aa7a6\" data-element_type=\"container\" data-settings=\"{&quot;content_width&quot;:&quot;boxed&quot;}\" data-core-v316-plus=\"true\">\n\t\t\t\t\t<div class=\"e-con-inner\">\n\t\t\t\t<div class=\"elementor-element elementor-element-2b86ce0 elementor-widget elementor-widget-image-gallery\" data-id=\"2b86ce0\" data-element_type=\"widget\" data-widget_type=\"image-gallery.default\">\n\t\t\t\t<div class=\"elementor-widget-container\">\n\t\t\t<style>\/*! elementor - v3.18.0 - 20-12-2023 *\/\n.elementor-image-gallery .gallery-item{display:inline-block;text-align:center;vertical-align:top;width:100%;max-width:100%;margin:0 auto}.elementor-image-gallery .gallery-item img{margin:0 auto}.elementor-image-gallery .gallery-item .gallery-caption{margin:0}.elementor-image-gallery figure img{display:block}.elementor-image-gallery figure figcaption{width:100%}.gallery-spacing-custom .elementor-image-gallery .gallery-icon{padding:0}@media (min-width:768px){.elementor-image-gallery .gallery-columns-2 .gallery-item{max-width:50%}.elementor-image-gallery .gallery-columns-3 .gallery-item{max-width:33.33%}.elementor-image-gallery .gallery-columns-4 .gallery-item{max-width:25%}.elementor-image-gallery .gallery-columns-5 .gallery-item{max-width:20%}.elementor-image-gallery .gallery-columns-6 .gallery-item{max-width:16.666%}.elementor-image-gallery .gallery-columns-7 .gallery-item{max-width:14.28%}.elementor-image-gallery .gallery-columns-8 .gallery-item{max-width:12.5%}.elementor-image-gallery .gallery-columns-9 .gallery-item{max-width:11.11%}.elementor-image-gallery .gallery-columns-10 .gallery-item{max-width:10%}}@media (min-width:480px) and (max-width:767px){.elementor-image-gallery .gallery.gallery-columns-2 .gallery-item,.elementor-image-gallery .gallery.gallery-columns-3 .gallery-item,.elementor-image-gallery .gallery.gallery-columns-4 .gallery-item,.elementor-image-gallery .gallery.gallery-columns-5 .gallery-item,.elementor-image-gallery .gallery.gallery-columns-6 .gallery-item,.elementor-image-gallery .gallery.gallery-columns-7 .gallery-item,.elementor-image-gallery .gallery.gallery-columns-8 .gallery-item,.elementor-image-gallery .gallery.gallery-columns-9 .gallery-item,.elementor-image-gallery .gallery.gallery-columns-10 .gallery-item{max-width:50%}}@media (max-width:479px){.elementor-image-gallery .gallery.gallery-columns-2 .gallery-item,.elementor-image-gallery .gallery.gallery-columns-3 .gallery-item,.elementor-image-gallery .gallery.gallery-columns-4 .gallery-item,.elementor-image-gallery .gallery.gallery-columns-5 .gallery-item,.elementor-image-gallery .gallery.gallery-columns-6 .gallery-item,.elementor-image-gallery .gallery.gallery-columns-7 .gallery-item,.elementor-image-gallery .gallery.gallery-columns-8 .gallery-item,.elementor-image-gallery .gallery.gallery-columns-9 .gallery-item,.elementor-image-gallery .gallery.gallery-columns-10 .gallery-item{max-width:100%}}<\/style>\t\t<div class=\"elementor-image-gallery\">\n\t\t\t<div id='gallery-1' class='gallery galleryid-10 gallery-columns-4 gallery-size-thumbnail'><figure class='gallery-item'>\n\t\t\t<div class='gallery-icon portrait'>\n\t\t\t\t<a data-elementor-open-lightbox=\"yes\" data-elementor-lightbox-slideshow=\"2b86ce0\" data-elementor-lightbox-title=\"Voando na classe executiva da Turkish Airlines\" data-e-action-hash=\"#elementor-action%3Aaction%3Dlightbox%26settings%3DeyJpZCI6OTE2LCJ1cmwiOiJodHRwczpcL1wvbHVjYXNhbWFyaWxkby5jb20uYnJcL3dwLWNvbnRlbnRcL3VwbG9hZHNcLzIwMjRcLzAxXC9leGVjdXRpdmEtdHVya2lzaC1zY2FsZWQuanBnIiwic2xpZGVzaG93IjoiMmI4NmNlMCJ9\" href='https:\/\/lucasamarildo.com.br\/wp-content\/uploads\/2024\/01\/executiva-turkish-scaled.jpg'><img decoding=\"async\" width=\"150\" height=\"150\" src=\"https:\/\/lucasamarildo.com.br\/wp-content\/uploads\/2024\/01\/executiva-turkish-150x150.jpg\" class=\"attachment-thumbnail size-thumbnail\" alt=\"\" \/><\/a>\n\t\t\t<\/div><\/figure><figure class='gallery-item'>\n\t\t\t<div class='gallery-icon portrait'>\n\t\t\t\t<a data-elementor-open-lightbox=\"yes\" data-elementor-lightbox-slideshow=\"2b86ce0\" data-elementor-lightbox-title=\"Uma das grandes experi\u00eancias de vida foi viver o Natal em Nova York\" data-e-action-hash=\"#elementor-action%3Aaction%3Dlightbox%26settings%3DeyJpZCI6OTE4LCJ1cmwiOiJodHRwczpcL1wvbHVjYXNhbWFyaWxkby5jb20uYnJcL3dwLWNvbnRlbnRcL3VwbG9hZHNcLzIwMjRcLzAxXC9uYXRhbC1ueS1zY2FsZWQuanBnIiwic2xpZGVzaG93IjoiMmI4NmNlMCJ9\" href='https:\/\/lucasamarildo.com.br\/wp-content\/uploads\/2024\/01\/natal-ny-scaled.jpg'><img decoding=\"async\" width=\"150\" height=\"150\" src=\"https:\/\/lucasamarildo.com.br\/wp-content\/uploads\/2024\/01\/natal-ny-150x150.jpg\" class=\"attachment-thumbnail size-thumbnail\" alt=\"\" \/><\/a>\n\t\t\t<\/div><\/figure><figure class='gallery-item'>\n\t\t\t<div class='gallery-icon portrait'>\n\t\t\t\t<a data-elementor-open-lightbox=\"yes\" data-elementor-lightbox-slideshow=\"2b86ce0\" data-elementor-lightbox-title=\"Uma das minhas paix\u00f5es \u00e9 poder trabalhar de qualquer lugar do mundo.\" data-e-action-hash=\"#elementor-action%3Aaction%3Dlightbox%26settings%3DeyJpZCI6OTE3LCJ1cmwiOiJodHRwczpcL1wvbHVjYXNhbWFyaWxkby5jb20uYnJcL3dwLWNvbnRlbnRcL3VwbG9hZHNcLzIwMjRcLzAxXC9ob3RlbC1ib3N0b24tc2NhbGVkLmpwZyIsInNsaWRlc2hvdyI6IjJiODZjZTAifQ%3D%3D\" href='https:\/\/lucasamarildo.com.br\/wp-content\/uploads\/2024\/01\/hotel-boston-scaled.jpg'><img decoding=\"async\" width=\"150\" height=\"150\" src=\"https:\/\/lucasamarildo.com.br\/wp-content\/uploads\/2024\/01\/hotel-boston-150x150.jpg\" class=\"attachment-thumbnail size-thumbnail\" alt=\"\" \/><\/a>\n\t\t\t<\/div><\/figure><figure class='gallery-item'>\n\t\t\t<div class='gallery-icon portrait'>\n\t\t\t\t<a data-elementor-open-lightbox=\"yes\" data-elementor-lightbox-slideshow=\"2b86ce0\" data-elementor-lightbox-title=\"Na minha hamburgueria favorita, o Shake Shack.\" data-e-action-hash=\"#elementor-action%3Aaction%3Dlightbox%26settings%3DeyJpZCI6ODg0LCJ1cmwiOiJodHRwczpcL1wvbHVjYXNhbWFyaWxkby5jb20uYnJcL3dwLWNvbnRlbnRcL3VwbG9hZHNcLzIwMjRcLzAxXC9sdWNhcy1hbWFyaWxkby1zY2FsZWQuanBnIiwic2xpZGVzaG93IjoiMmI4NmNlMCJ9\" href='https:\/\/lucasamarildo.com.br\/wp-content\/uploads\/2024\/01\/lucas-amarildo-scaled.jpg'><img loading=\"lazy\" decoding=\"async\" width=\"150\" height=\"150\" src=\"https:\/\/lucasamarildo.com.br\/wp-content\/uploads\/2024\/01\/lucas-amarildo-150x150.jpg\" class=\"attachment-thumbnail size-thumbnail\" alt=\"\" \/><\/a>\n\t\t\t<\/div><\/figure><figure class='gallery-item'>\n\t\t\t<div class='gallery-icon portrait'>\n\t\t\t\t<a data-elementor-open-lightbox=\"yes\" data-elementor-lightbox-slideshow=\"2b86ce0\" data-elementor-lightbox-title=\"Todo f\u00e3 da s\u00e9rie Friends sonha com essa foto.\" data-e-action-hash=\"#elementor-action%3Aaction%3Dlightbox%26settings%3DeyJpZCI6OTA4LCJ1cmwiOiJodHRwczpcL1wvbHVjYXNhbWFyaWxkby5jb20uYnJcL3dwLWNvbnRlbnRcL3VwbG9hZHNcLzIwMjRcLzAxXC9mcmllbmRzLWV4cGVyaWVuY2Utbnktc2NhbGVkLmpwZyIsInNsaWRlc2hvdyI6IjJiODZjZTAifQ%3D%3D\" href='https:\/\/lucasamarildo.com.br\/wp-content\/uploads\/2024\/01\/friends-experience-ny-scaled.jpg'><img loading=\"lazy\" decoding=\"async\" width=\"150\" height=\"150\" src=\"https:\/\/lucasamarildo.com.br\/wp-content\/uploads\/2024\/01\/friends-experience-ny-150x150.jpg\" class=\"attachment-thumbnail size-thumbnail\" alt=\"\" \/><\/a>\n\t\t\t<\/div><\/figure><figure class='gallery-item'>\n\t\t\t<div class='gallery-icon portrait'>\n\t\t\t\t<a data-elementor-open-lightbox=\"yes\" data-elementor-lightbox-slideshow=\"2b86ce0\" data-elementor-lightbox-title=\"Visitando no parque da Universal, em Orlando\" data-e-action-hash=\"#elementor-action%3Aaction%3Dlightbox%26settings%3DeyJpZCI6OTE5LCJ1cmwiOiJodHRwczpcL1wvbHVjYXNhbWFyaWxkby5jb20uYnJcL3dwLWNvbnRlbnRcL3VwbG9hZHNcLzIwMjRcLzAxXC91bml2ZXJzYWwtb3JsYW5kby1zY2FsZWQuanBnIiwic2xpZGVzaG93IjoiMmI4NmNlMCJ9\" href='https:\/\/lucasamarildo.com.br\/wp-content\/uploads\/2024\/01\/universal-orlando-scaled.jpg'><img loading=\"lazy\" decoding=\"async\" width=\"150\" height=\"150\" src=\"https:\/\/lucasamarildo.com.br\/wp-content\/uploads\/2024\/01\/universal-orlando-150x150.jpg\" class=\"attachment-thumbnail size-thumbnail\" alt=\"\" \/><\/a>\n\t\t\t<\/div><\/figure>\n\t\t<\/div>\n\t\t<\/div>\n\t\t\t\t<\/div>\n\t\t\t\t<\/div>\n\t\t\t\t\t<\/div>\n\t\t\t\t<\/div>\n\t\t<div class=\"elementor-element elementor-element-40e7db8 e-con-full e-flex e-con e-parent\" data-id=\"40e7db8\" data-element_type=\"container\" data-settings=\"{&quot;content_width&quot;:&quot;full&quot;}\" data-core-v316-plus=\"true\">\n\t\t\t\t<div class=\"elementor-element elementor-element-27e19f5 elementor-widget__width-initial elementor-widget elementor-widget-text-editor\" data-id=\"27e19f5\" data-element_type=\"widget\" data-widget_type=\"text-editor.default\">\n\t\t\t\t<div class=\"elementor-widget-container\">\n\t\t\t\t\t\t\t<p style=\"font-size: 17px; font-style: normal; font-weight: 400; text-align: justify;\">Em 2022, realizei um grande sonho: visitar os EUA com minha esposa na temporada de Natal. Viajamos por quase 20 dias, entre as cidades de Boston, Nova York e Orlando. Foi uma experi\u00eancia incrivelmente m\u00e1gica (e muito cara tamb\u00e9m).<\/p><p style=\"font-size: 17px; font-style: normal; font-weight: 400; text-align: justify;\">Quando retornei da viagem, me dei conta de que todo investimento que fiz, n\u00e3o me rendeu um \u00fanico benef\u00edcio sequer. Claro que eu j\u00e1 sabia sobre a exist\u00eancia das milhas e as oportunidades que elas podiam oferecer. Mas nunca tive paci\u00eancia para buscar informa\u00e7\u00e3o e estudar sobre este universo. E pode parecer uma realidade distante, mas no meu primeiro ano de jornada com milhas acumulei mais de 1 milh\u00e3o de pontos, emiti 26 passages (15 trechos em classe econ\u00f4mica e 11 em classe executiva) e economizei o equivalente a R$119 mil (comparando com os valores destas passagens em dinheiro).<\/p><p style=\"font-size: 17px; font-style: normal; font-weight: 400; text-align: justify;\">Bem-vindo ao mundo das milhas! Conte comigo para viver experi\u00eancias melhores e mais econ\u00f4micas. Que as dicas que eu compartilho aqui transformem a maneira de voc\u00ea viajar e que a gente se encontre em alguma Sala VIP por a\u00ed!<\/p>\t\t\t\t\t\t<\/div>\n\t\t\t\t<\/div>\n\t\t\t\t<\/div>\n\t\t\t\t\t\t\t<\/div>\n\t\t","protected":false},"excerpt":{"rendered":"<p>Um viajante que ama compartilhar experi\u00eancias \u2708\ufe0f Oii, eu sou o Lucas Amarildo! Jornalista, empres\u00e1rio, videomaker e produtor de conte\u00fado. Aqui neste espa\u00e7o voc\u00ea vai descobrir de um jeito simples e pr\u00e1tico como acumular pontos, milhas e transformar suas experi\u00eancias de viagem. Viajar \u00e9 uma paix\u00e3o. Amo a atmosfera de um aeroporto, decolagem e tudo &hellip;<\/p>\n<p class=\"read-more\"> <a class=\"\" href=\"https:\/\/lucasamarildo.com.br\/index.php\/sobre-mim\/\"> <span class=\"screen-reader-text\">Sobre mim<\/span> Leia mais &raquo;<\/a><\/p>\n","protected":false},"author":1,"featured_media":0,"parent":0,"menu_order":0,"comment_status":"closed","ping_status":"closed","template":"","meta":{"om_disable_all_campaigns":false,"_monsterinsights_skip_tracking":false,"_monsterinsights_sitenote_active":false,"_monsterinsights_sitenote_note":"","_monsterinsights_sitenote_category":0,"site-sidebar-layout":"no-sidebar","site-content-layout":"page-builder","ast-site-content-layout":"full-width-container","site-content-style":"unboxed","site-sidebar-style":"unboxed","ast-global-header-display":"","ast-banner-title-visibility":"","ast-main-header-display":"","ast-hfb-above-header-display":"","ast-hfb-below-header-display":"","ast-hfb-mobile-header-display":"","site-post-title":"disabled","ast-breadcrumbs-content":"disabled","ast-featured-img":"disabled","footer-sml-layout":"","theme-transparent-header-meta":"default","adv-header-id-meta":"","stick-header-meta":"","header-above-stick-meta":"","header-main-stick-meta":"","header-below-stick-meta":"","astra-migrate-meta-layouts":"set","ast-page-background-enabled":"default","ast-page-background-meta":{"desktop":{"background-color":"","background-image":"","background-repeat":"repeat","background-position":"center center","background-size":"auto","background-attachment":"scroll","background-type":"","background-media":"","overlay-type":"","overlay-color":"","overlay-gradient":""},"tablet":{"background-color":"","background-image":"","background-repeat":"repeat","background-position":"center center","background-size":"auto","background-attachment":"scroll","background-type":"","background-media":"","overlay-type":"","overlay-color":"","overlay-gradient":""},"mobile":{"background-color":"","background-image":"","background-repeat":"repeat","background-position":"center center","background-size":"auto","background-attachment":"scroll","background-type":"","background-media":"","overlay-type":"","overlay-color":"","overlay-gradient":""}},"ast-content-background-meta":{"desktop":{"background-color":"var(--ast-global-color-5)","background-image":"","background-repeat":"repeat","background-position":"center center","background-size":"auto","background-attachment":"scroll","background-type":"","background-media":"","overlay-type":"","overlay-color":"","overlay-gradient":""},"tablet":{"background-color":"var(--ast-global-color-5)","background-image":"","background-repeat":"repeat","background-position":"center center","background-size":"auto","background-attachment":"scroll","background-type":"","background-media":"","overlay-type":"","overlay-color":"","overlay-gradient":""},"mobile":{"background-color":"var(--ast-global-color-5)","background-image":"","background-repeat":"repeat","background-position":"center center","background-size":"auto","background-attachment":"scroll","background-type":"","background-media":"","overlay-type":"","overlay-color":"","overlay-gradient":""}},"footnotes":""},"aioseo_notices":[],"_links":{"self":[{"href":"https:\/\/lucasamarildo.com.br\/index.php\/wp-json\/wp\/v2\/pages\/10"}],"collection":[{"href":"https:\/\/lucasamarildo.com.br\/index.php\/wp-json\/wp\/v2\/pages"}],"about":[{"href":"https:\/\/lucasamarildo.com.br\/index.php\/wp-json\/wp\/v2\/types\/page"}],"author":[{"embeddable":true,"href":"https:\/\/lucasamarildo.com.br\/index.php\/wp-json\/wp\/v2\/users\/1"}],"replies":[{"embeddable":true,"href":"https:\/\/lucasamarildo.com.br\/index.php\/wp-json\/wp\/v2\/comments?post=10"}],"version-history":[{"count":65,"href":"https:\/\/lucasamarildo.com.br\/index.php\/wp-json\/wp\/v2\/pages\/10\/revisions"}],"predecessor-version":[{"id":940,"href":"https:\/\/lucasamarildo.com.br\/index.php\/wp-json\/wp\/v2\/pages\/10\/revisions\/940"}],"wp:attachment":[{"href":"https:\/\/lucasamarildo.com.br\/index.php\/wp-json\/wp\/v2\/media?parent=10"}],"curies":[{"name":"wp","href":"https:\/\/api.w.org\/{rel}","templated":true}]}}